{"id":2419,"date":"2024-03-07T04:51:09","date_gmt":"2024-03-07T04:51:09","guid":{"rendered":"http:\/\/202.182.109.149\/?post_type=product&#038;p=2419"},"modified":"2025-11-03T09:14:01","modified_gmt":"2025-11-03T09:14:01","slug":"holle-fruity-fox-yogurt-85g","status":"publish","type":"product","link":"https:\/\/holle.com.hk\/en\/product\/holle-fruity-fox-yogurt-85g\/","title":{"rendered":"Holle Fruity Fox Yogurt (85g)"},"content":{"rendered":"<p>Holle Fruity Fox Yogurt is specially formulated to meet the special nutrition needs of your babies. It is made with high quality organic milk and fruits with no added sugar or artificial flavouring. Better yet, the packaging made from PP is 100% recyclable without aluminium.<br \/>\nSuitable from 8 months onward and enjoyed by children and adults too.<\/p>\n<p><strong>Ingredients:<br \/>\n<\/strong>Yogurt* (pasteurised) 40%, apple pur\u00e9e* 24%, banana pur\u00e9e* 17%, strawberry pur\u00e9e* 9%, blackberry pur\u00e9e* 4%, redcurrant pur\u00e9e* 4%, starch*, lemon juice concentrate*<br \/>\n*from organic farming<\/p>\n","protected":false},"excerpt":{"rendered":"<p>Suitable from 8 months onward and enjoyed by children and adults too.<\/p>\n","protected":false},"featured_media":2423,"template":"","meta":{"site-sidebar-layout":"default","site-content-layout":"","ast-site-content-layout":"default","site-content-style":"default","site-sidebar-style":"default","ast-global-header-display":"","ast-banner-title-visibility":"","ast-main-header-display":"","ast-hfb-above-header-display":"","ast-hfb-below-header-display":"","ast-hfb-mobile-header-display":"","site-post-title":"","ast-breadcrumbs-content":"","ast-featured-img":"","footer-sml-layout":"","theme-transparent-header-meta":"default","adv-header-id-meta":"","stick-header-meta":"default","header-above-stick-meta":"","header-main-stick-meta":"","header-below-stick-meta":"","astra-migrate-meta-layouts":"set","ast-page-background-enabled":"default","ast-page-background-meta":{"desktop":{"background-color":"var(--ast-global-color-4)","background-image":"","background-repeat":"repeat","background-position":"center center","background-size":"auto","background-attachment":"scroll","background-type":"","background-media":"","overlay-type":"","overlay-color":"","overlay-gradient":""},"tablet":{"background-color":"","background-image":"","background-repeat":"repeat","background-position":"center center","background-size":"auto","background-attachment":"scroll","background-type":"","background-media":"","overlay-type":"","overlay-color":"","overlay-gradient":""},"mobile":{"background-color":"","background-image":"","background-repeat":"repeat","background-position":"center center","background-size":"auto","background-attachment":"scroll","background-type":"","background-media":"","overlay-type":"","overlay-color":"","overlay-gradient":""}},"ast-content-background-meta":{"desktop":{"background-color":"var(--ast-global-color-5)","background-image":"","background-repeat":"repeat","background-position":"center center","background-size":"auto","background-attachment":"scroll","background-type":"","background-media":"","overlay-type":"","overlay-color":"","overlay-gradient":""},"tablet":{"background-color":"var(--ast-global-color-5)","background-image":"","background-repeat":"repeat","background-position":"center center","background-size":"auto","background-attachment":"scroll","background-type":"","background-media":"","overlay-type":"","overlay-color":"","overlay-gradient":""},"mobile":{"background-color":"var(--ast-global-color-5)","background-image":"","background-repeat":"repeat","background-position":"center center","background-size":"auto","background-attachment":"scroll","background-type":"","background-media":"","overlay-type":"","overlay-color":"","overlay-gradient":""}}},"product_brand":[],"product_cat":[39],"product_tag":[75,81,107,73,108,77,106],"class_list":{"0":"post-2419","1":"product","2":"type-product","3":"status-publish","4":"has-post-thumbnail","6":"product_cat-baby-yogurts","7":"product_tag-apple","8":"product_tag-banana","9":"product_tag-blackberry","10":"product_tag-from-8-months","11":"product_tag-redcurrant","12":"product_tag-strawberry","13":"product_tag-yogurt","14":"desktop-align-left","15":"tablet-align-left","16":"mobile-align-left","17":"ast-product-gallery-layout-horizontal-slider","19":"first","20":"instock","21":"taxable","22":"shipping-taxable","23":"purchasable","24":"product-type-simple"},"_links":{"self":[{"href":"https:\/\/holle.com.hk\/en\/wp-json\/wp\/v2\/product\/2419","targetHints":{"allow":["GET"]}}],"collection":[{"href":"https:\/\/holle.com.hk\/en\/wp-json\/wp\/v2\/product"}],"about":[{"href":"https:\/\/holle.com.hk\/en\/wp-json\/wp\/v2\/types\/product"}],"version-history":[{"count":3,"href":"https:\/\/holle.com.hk\/en\/wp-json\/wp\/v2\/product\/2419\/revisions"}],"predecessor-version":[{"id":2422,"href":"https:\/\/holle.com.hk\/en\/wp-json\/wp\/v2\/product\/2419\/revisions\/2422"}],"wp:featuredmedia":[{"embeddable":true,"href":"https:\/\/holle.com.hk\/en\/wp-json\/wp\/v2\/media\/2423"}],"wp:attachment":[{"href":"https:\/\/holle.com.hk\/en\/wp-json\/wp\/v2\/media?parent=2419"}],"wp:term":[{"taxonomy":"product_brand","embeddable":true,"href":"https:\/\/holle.com.hk\/en\/wp-json\/wp\/v2\/product_brand?post=2419"},{"taxonomy":"product_cat","embeddable":true,"href":"https:\/\/holle.com.hk\/en\/wp-json\/wp\/v2\/product_cat?post=2419"},{"taxonomy":"product_tag","embeddable":true,"href":"https:\/\/holle.com.hk\/en\/wp-json\/wp\/v2\/product_tag?post=2419"}],"curies":[{"name":"wp","href":"https:\/\/api.w.org\/{rel}","templated":true}]}}